{"id":39,"date":"2016-04-26T14:00:30","date_gmt":"2016-04-26T14:00:30","guid":{"rendered":"http:\/\/kominkigniezno.com.pl\/?page_id=39"},"modified":"2016-04-26T14:00:30","modified_gmt":"2016-04-26T14:00:30","slug":"o-nas","status":"publish","type":"page","link":"http:\/\/kominkigniezno.com.pl\/?page_id=39","title":{"rendered":"O nas"},"content":{"rendered":"<p><strong>Zak\u0142ad zdu\u0144ski z racji zdobytego do\u015bwiadczenia zdobywanego przez 30 lat, jak i ci\u0105g\u0142ego szkolenia naszych zdun\u00f3w mo\u017cemy zaoferowa\u0107 Pa\u0144stwu pe\u0142n\u0105 obs\u0142ug\u0119\u00a0w zakresie rzemios\u0142a zdu\u0144skiego tradycyjnego jak i najnowszych trend\u00f3w zdu\u0144stwa.<\/strong><\/p>\n<p><strong>Pe\u0142na gama rob\u00f3t zdu\u0144skich dost\u0119pnych w naszej firmie:<\/strong><\/p>\n<p>&#8211; remonty, przestawienia i budowy od podstaw w\u0119glowych piec\u00f3w kaflowych we wszystkich rodzajach konstrukcji wewn\u0119trznej,<\/p>\n<p>&#8211;\u00a0piece kaflowe\u00a0opalane drewnem z paleniskiem z ceg\u0142y szamotowej,<\/p>\n<p>&#8211;\u00a0piece\u00a0kaflowe opalane drewnem z paleniskiem prefabrykowanym szamotowym,<\/p>\n<p>&#8211; nowoczesne piece kaflowe zaopatrzone w palenisko piecowe oraz modu\u0142ow\u0105 mas\u0119 akumulacyjn\u0105,<\/p>\n<p>&#8211; kotliny kuchenne, tzw. angielki, kuchnie kaflowe<\/p>\n<p>&#8211; piece chlebowe opalane drewnem,<\/p>\n<p>&#8211; remonty piecy chlebowych wiejskich,<\/p>\n<p>&#8211; kominki z paleniskiem otwartym i zamkni\u0119tym,<\/p>\n<p>&#8211; inne prace zdu\u0144skie i og\u00f3lnobudowlane.<\/p>\n","protected":false},"excerpt":{"rendered":"<p>Zak\u0142ad zdu\u0144ski z racji zdobytego do\u015bwiadczenia zdobywanego przez 30 lat, jak i ci\u0105g\u0142ego szkolenia naszych zdun\u00f3w mo\u017cemy zaoferowa\u0107 Pa\u0144stwu pe\u0142n\u0105 obs\u0142ug\u0119\u00a0w zakresie rzemios\u0142a zdu\u0144skiego tradycyjnego jak i najnowszych trend\u00f3w zdu\u0144stwa. Pe\u0142na gama rob\u00f3t zdu\u0144skich dost\u0119pnych w naszej firmie: &#8211; remonty, przestawienia i budowy od podstaw w\u0119glowych piec\u00f3w kaflowych we wszystkich rodzajach konstrukcji wewn\u0119trznej, &#8211;\u00a0piece kaflowe\u00a0opalane [&hellip;]<\/p>\n","protected":false},"author":1,"featured_media":0,"parent":0,"menu_order":0,"comment_status":"closed","ping_status":"closed","template":"","meta":[],"_links":{"self":[{"href":"http:\/\/kominkigniezno.com.pl\/index.php?rest_route=\/wp\/v2\/pages\/39"}],"collection":[{"href":"http:\/\/kominkigniezno.com.pl\/index.php?rest_route=\/wp\/v2\/pages"}],"about":[{"href":"http:\/\/kominkigniezno.com.pl\/index.php?rest_route=\/wp\/v2\/types\/page"}],"author":[{"embeddable":true,"href":"http:\/\/kominkigniezno.com.pl\/index.php?rest_route=\/wp\/v2\/users\/1"}],"replies":[{"embeddable":true,"href":"http:\/\/kominkigniezno.com.pl\/index.php?rest_route=%2Fwp%2Fv2%2Fcomments&post=39"}],"version-history":[{"count":1,"href":"http:\/\/kominkigniezno.com.pl\/index.php?rest_route=\/wp\/v2\/pages\/39\/revisions"}],"predecessor-version":[{"id":40,"href":"http:\/\/kominkigniezno.com.pl\/index.php?rest_route=\/wp\/v2\/pages\/39\/revisions\/40"}],"wp:attachment":[{"href":"http:\/\/kominkigniezno.com.pl\/index.php?rest_route=%2Fwp%2Fv2%2Fmedia&parent=39"}],"curies":[{"name":"wp","href":"https:\/\/api.w.org\/{rel}","templated":true}]}}